{"id":120,"date":"2013-08-25T09:04:56","date_gmt":"2013-08-25T08:04:56","guid":{"rendered":"http:\/\/www.brassaventure.fr\/wp\/?page_id=120"},"modified":"2019-10-26T09:32:00","modified_gmt":"2019-10-26T08:32:00","slug":"bienvenue","status":"publish","type":"page","link":"https:\/\/www.brassaventure.fr\/?page_id=120","title":{"rendered":"Bienvenue"},"content":{"rendered":"<p align=\"left\">Visiteurs, Cher Public, Chers Amis,<\/p>\n<p>Bienvenue sur le site\u00a0de\u00a0Brassaventure !<\/p>\n<p style=\"text-align: justify;\">Notre ensemble\u00a0a \u00e9t\u00e9 cr\u00e9\u00e9\u00a0en octobre 2003 \u00e0 Meyzieu (69). \u00a0Il est constitu\u00e9 de musiciens amateurs confirm\u00e9s ou en cours de professionnalisation. Inspir\u00e9 du mod\u00e8le du britannique, il occupe une place un peu particuli\u00e8re au sein\u00a0du mouvement Brass Band qui s\u2019exprime dans l\u2019hexagone. Loin des effets de mode et en toute ind\u00e9pendance, l&rsquo;ensemble est au service d\u2019une esth\u00e9tique musicale \u00e0 la fois ambitieuse et ouverte au grand public. Brassaventure b\u00e9n\u00e9ficie du soutien du <a href=\"http:\/\/www.meyzieu.fr\/rubrique89.html\">Conservatoire<\/a> et de la <a href=\"http:\/\/www.meyzieu.fr\">Ville de Meyzieu<\/a> et a pu cr\u00e9er un espace privil\u00e9gi\u00e9 pour le rayonnement de la musique des cuivres dans le paysage culturel Majolan.<\/p>\n<p style=\"text-align: justify;\">Sous la baguette de nos chefs <a href=\"http:\/\/www.brassaventure.fr\/?p=665\">Serge Desautels<\/a> et Arthur Barlerin, Brassaventure propose aux musiciens une exp\u00e9rience formatrice, incluant le travail technique et la recherche du timbre si particulier \u00e0 ce type de formation. La richesse du r\u00e9pertoire brass band et son dynamisme cr\u00e9atif permettent \u00e0 l\u2019ensemble d\u2019aborder chaque ann\u00e9e un programme \u00e9clectique : musiques de films, compositions originales, transcriptions d\u2019\u0153uvres du r\u00e9pertoire classique ou de vari\u00e9t\u00e9.<\/p>\n<p style=\"text-align: justify;\">Le r\u00e9pertoire riche et vari\u00e9 permet d&rsquo;adapter nos prestations aux projets les plus \u00e9clectiques, mais aussi et surtout d&rsquo;\u00e9largir notre exp\u00e9rience, d&rsquo;\u00e9tancher notre soif de curiosit\u00e9s, favorisant ainsi les rencontres et les \u00e9changes, \u00a0permettant de relever de nouveaux d\u00e9fis musicaux, de progresser dans la ma\u00eetrise de notre art , d&rsquo;accompagner des solistes renomm\u00e9s et avant tout de vivre\u00a0ensemble un moment de musique et une exp\u00e9rience humaine de qualit\u00e9.<\/p>\n<p style=\"text-align: justify;\"><strong>Musicien(ne) ?\u00a0<a href=\"http:\/\/www.brassaventure.fr\/?p=191\"> c&rsquo;est le parfait moment pour nous rejoindre !<\/a><\/strong><\/p>\n<p>Les r\u00e9p\u00e9titions ont lieu les lundi soir de 20h30 \u00e0 22h30 au conservatoire de Meyzieu. Le planning de travail\u00a0est align\u00e9 sur les \u00e9ch\u00e9ances de projets, et permet \u00e0 chacun de s&rsquo;organiser selon ses occupations personnelles. Les connaissances musicales requises sont de niveau 3\u00e8me cycle.\u00a0Nos activit\u00e9s se d\u00e9roulent de Septembre \u00e0 Juin.<\/p>\n<p>Alors si la brass aventure vous tente, rendez-vous \u00e0\u00a0\u00a0<a href=\"http:\/\/www.brassaventure.fr\/?page_id=318\" target=\"_blank\" rel=\"noopener noreferrer\">la page contact de ce site <\/a>\ud83d\ude42<\/p>\n<p>Merci \u00e9galement cher Public pour votre fid\u00e9lit\u00e9. Nous vous esp\u00e9rons toujours plus nombreux lors de nos concerts, venez partager notre passion \u00ab\u00a0made in brass\u00a0\u00bb et \u00a0rendez-vous sur ce site pour\u00a0suivre notre actualit\u00e9.<\/p>\n<p>Merci enfin\u00a0\u00e0 la <a href=\"http:\/\/www.meyzieu.fr\">Municipalit\u00e9 de Meyzieu<\/a> et au <a href=\"http:\/\/www.meyzieu.fr\/rubrique89.html\">Conservatoire<\/a> pour leur soutien sans faille depuis la cr\u00e9ation de notre ensemble. Nous sommes heureux de prendre part \u00e0 vos c\u00f4t\u00e9s \u00e0 la diffusion d&rsquo;une exp\u00e9rience\u00a0culturelle de qualit\u00e9 et ouverte au plus grand nombre.<\/p>\n<p>\u00e0 tr\u00e8s bient\u00f4t,<\/p>\n<p align=\"left\"><em>Les Brassaventuriers, Meyzieu.<\/em><\/p>\n<figure id=\"attachment_570\" aria-describedby=\"caption-attachment-570\" style=\"width: 924px\" class=\"wp-caption aligncenter\"><a href=\"http:\/\/www.brassaventure.fr\/wp-content\/uploads\/2018\/04\/brass_2017_championnat.jpg\"><img loading=\"lazy\" decoding=\"async\" class=\"wp-image-570 size-full\" src=\"http:\/\/www.brassaventure.fr\/wp-content\/uploads\/2018\/04\/brass_2017_championnat.jpg\" alt=\"Brassaventure 18 \/ 02 \/ 2017\" width=\"924\" height=\"297\" srcset=\"https:\/\/www.brassaventure.fr\/wp-content\/uploads\/2018\/04\/brass_2017_championnat.jpg 924w, https:\/\/www.brassaventure.fr\/wp-content\/uploads\/2018\/04\/brass_2017_championnat-300x96.jpg 300w, https:\/\/www.brassaventure.fr\/wp-content\/uploads\/2018\/04\/brass_2017_championnat-768x247.jpg 768w\" sizes=\"auto, (max-width: 924px) 100vw, 924px\" \/><\/a><figcaption id=\"caption-attachment-570\" class=\"wp-caption-text\">Brassaventure 2017 &#8211; Cr\u00e9dits Martin Morlet Decarnin<\/figcaption><\/figure>\n<audio class=\"wp-audio-shortcode\" id=\"audio-120-1\" preload=\"none\" style=\"width: 100%;\" controls=\"controls\"><source type=\"audio\/mpeg\" src=\"http:\/\/www.brassaventure.fr\/wp-content\/uploads\/2013\/08\/anglian_dances.mp3?_=1\" \/><a href=\"http:\/\/www.brassaventure.fr\/wp-content\/uploads\/2013\/08\/anglian_dances.mp3\">http:\/\/www.brassaventure.fr\/wp-content\/uploads\/2013\/08\/anglian_dances.mp3<\/a><\/audio>\n<p><a href=\"http:\/\/www.brassaventure.fr\/?page_id=318 \">Et pour nous contacter, c&rsquo;est ici !<\/a><\/p>\n","protected":false},"excerpt":{"rendered":"<p>Visiteurs, Cher Public, Chers Amis, Bienvenue sur le site\u00a0de\u00a0Brassaventure ! Notre ensemble\u00a0a \u00e9t\u00e9 cr\u00e9\u00e9\u00a0en octobre 2003 \u00e0 Meyzieu (69). \u00a0Il est constitu\u00e9 de musiciens amateurs confirm\u00e9s ou en cours de &#8230;<\/p>\n","protected":false},"author":1,"featured_media":0,"parent":0,"menu_order":0,"comment_status":"closed","ping_status":"open","template":"","meta":{"footnotes":""},"class_list":["post-120","page","type-page","status-publish","hentry"],"_links":{"self":[{"href":"https:\/\/www.brassaventure.fr\/index.php?rest_route=\/wp\/v2\/pages\/120","targetHints":{"allow":["GET"]}}],"collection":[{"href":"https:\/\/www.brassaventure.fr\/index.php?rest_route=\/wp\/v2\/pages"}],"about":[{"href":"https:\/\/www.brassaventure.fr\/index.php?rest_route=\/wp\/v2\/types\/page"}],"author":[{"embeddable":true,"href":"https:\/\/www.brassaventure.fr\/index.php?rest_route=\/wp\/v2\/users\/1"}],"replies":[{"embeddable":true,"href":"https:\/\/www.brassaventure.fr\/index.php?rest_route=%2Fwp%2Fv2%2Fcomments&post=120"}],"version-history":[{"count":65,"href":"https:\/\/www.brassaventure.fr\/index.php?rest_route=\/wp\/v2\/pages\/120\/revisions"}],"predecessor-version":[{"id":740,"href":"https:\/\/www.brassaventure.fr\/index.php?rest_route=\/wp\/v2\/pages\/120\/revisions\/740"}],"wp:attachment":[{"href":"https:\/\/www.brassaventure.fr\/index.php?rest_route=%2Fwp%2Fv2%2Fmedia&parent=120"}],"curies":[{"name":"wp","href":"https:\/\/api.w.org\/{rel}","templated":true}]}}