{"id":122,"date":"2013-08-25T09:05:50","date_gmt":"2013-08-25T08:05:50","guid":{"rendered":"http:\/\/www.brassaventure.fr\/wp\/?page_id=122"},"modified":"2018-04-11T15:53:01","modified_gmt":"2018-04-11T14:53:01","slug":"brass-band","status":"publish","type":"page","link":"https:\/\/www.brassaventure.fr\/?page_id=122","title":{"rendered":"qui sommes-nous ?"},"content":{"rendered":"<p>Brassaventure est une formation de type Brass Band cr\u00e9\u00e9e \u00e0 Meyzieu en 2003 \u00e0 l&rsquo;initiative de \u00a0musiciens passionn\u00e9s et de p\u00e9dagogues visionnaires.<\/p>\n<p align=\"left\">Notre r\u00e9pertoire riche et vari\u00e9 permet d&rsquo;une part de s&rsquo;adapter aux attentes d&rsquo;un public exigeant mais aussi d&rsquo;enrichir nos exp\u00e9riences et d&rsquo;assouvir notre soif de d\u00e9couvertes, favorisant ainsi les rencontres et les \u00e9changes, permettant de relever de nouveaux challenges musicaux, de progresser dans notre art, d&rsquo;accompagner des solistes de grande renomm\u00e9e et avant tout, de trouver beaucoup de plaisir collectivement \u00e0 partager un moment musical et humain.<\/p>\n<p align=\"left\">Le Brass est notre aventure &#8230;et son histoire s&rsquo;\u00e9crit tous les jours \u00e0 vos c\u00f4t\u00e9s &#8230;<\/p>\n<p align=\"left\">Toutes les bonnes volont\u00e9s sont les bienvenues et n\u00e9cessaires. Musiciens, b\u00e9n\u00e9voles, institutionnels, programmateurs d&rsquo;\u00e9v\u00e8nements, si la Brass Aventure vous tente, contactez-nous via ce site. Quant aux musiciens qui souhaiteraient rejoindre nos rangs, amateurs ou professionnels, qu&rsquo;ils soient les bienvenus.<\/p>\n<p align=\"left\">les r\u00e9p\u00e9titions ont lieu les lundi soir de 20H30 \u00e0 22H30 au conservatoire de Meyzieu. Le planning des r\u00e9p\u00e9titions est organis\u00e9 en amont et permet \u00e0 chacun de concilier passion de la Musique et occupations personnelles. Les connaissances personnelles musicales requises sont de niveau 3\u00e8me cycle. <a href=\"http:\/\/www.brassaventure.fr\/?page_id=318 \">N&rsquo;h\u00e9sitez-pas \u00e0 nous contacter !<\/a><\/p>\n<p><strong>Brass band ? quid ?<\/strong><\/p>\n<p>Un brass band ou \u00ab\u00a0fanfare \u00e0 l&rsquo;anglaise\u00a0\u00bb est une formation n\u00e9e en Angleterre au milieu du XIX \u00e8me si\u00e8cle, qui a petit \u00e0 petit essaim\u00e9 en Europe continentale. Il s&rsquo;agit d&rsquo;un ensemble form\u00e9 exclusivement de cuivres \u00e0 perce conique (\u00e0 l&rsquo;exception des trombones), et duquel la trompette est absente, remplac\u00e9e par le cornet \u00e0 pistons.<\/p>\n<p>Un brass band doit id\u00e9alement \u00eatre compos\u00e9 de 28 musiciens :<\/p>\n<ul>\n<li>1 cornet soprano en mi b\u00e9mol<\/li>\n<li>4 cornets solos (dont 1 cornet principal) en si b\u00e9mol<\/li>\n<li>1 cornet repiano (ripiano en fran\u00e7ais) en si b\u00e9mol : second soliste et chef d&rsquo;attaque des 2e et 3e cornets<\/li>\n<li>2 seconds cornets en si b\u00e9mol<\/li>\n<li>2 troisi\u00e8mes cornets en si b\u00e9mol<\/li>\n<li>1 bugle en si b\u00e9mol<\/li>\n<li>3 saxhorns altos en mi b\u00e9mol (un solo, un second et un troisi\u00e8me)<\/li>\n<li>2 saxhorns barytons en si b\u00e9mol<\/li>\n<li>2 euphoniums en si b\u00e9mol<\/li>\n<li>2 trombones t\u00e9nors<\/li>\n<li>1 trombone basse<\/li>\n<li>2 tubas basses en mi b\u00e9mol<\/li>\n<li>2 tubas contrebasses en si b\u00e9mol<\/li>\n<li>3 percussionnistes<\/li>\n<\/ul>\n<p>Cette nomenclature stricte a \u00e9t\u00e9 mise en place pour que les brass bands puissent mesurer leur talent en participant \u00e0 des concours : elle permet de comparer des formations \u00e9quivalentes en terme d&rsquo;instrumentation. Un brass band est dispos\u00e9 en U sur 2 rangs, et les musiciens sont relativement serr\u00e9s les uns contre les autres.<\/p>\n<figure id=\"attachment_571\" aria-describedby=\"caption-attachment-571\" style=\"width: 921px\" class=\"wp-caption aligncenter\"><a href=\"http:\/\/www.brassaventure.fr\/wp-content\/uploads\/2018\/04\/brass_2018_salle12.jpg\"><img loading=\"lazy\" decoding=\"async\" class=\"wp-image-571 size-full\" src=\"http:\/\/www.brassaventure.fr\/wp-content\/uploads\/2018\/04\/brass_2018_salle12.jpg\" alt=\"Musicien(ne) ? Rejoignez-nous !\" width=\"921\" height=\"578\" srcset=\"https:\/\/www.brassaventure.fr\/wp-content\/uploads\/2018\/04\/brass_2018_salle12.jpg 921w, https:\/\/www.brassaventure.fr\/wp-content\/uploads\/2018\/04\/brass_2018_salle12-300x188.jpg 300w, https:\/\/www.brassaventure.fr\/wp-content\/uploads\/2018\/04\/brass_2018_salle12-768x482.jpg 768w, https:\/\/www.brassaventure.fr\/wp-content\/uploads\/2018\/04\/brass_2018_salle12-480x300.jpg 480w\" sizes=\"auto, (max-width: 921px) 100vw, 921px\" \/><\/a><figcaption id=\"caption-attachment-571\" class=\"wp-caption-text\">Une grande famille &#8230;<\/figcaption><\/figure>\n<p>&nbsp;<\/p>\n<p>&nbsp;<\/p>\n","protected":false},"excerpt":{"rendered":"<p>Brassaventure est une formation de type Brass Band cr\u00e9\u00e9e \u00e0 Meyzieu en 2003 \u00e0 l&rsquo;initiative de \u00a0musiciens passionn\u00e9s et de p\u00e9dagogues visionnaires. Notre r\u00e9pertoire riche et vari\u00e9 permet d&rsquo;une part &#8230;<\/p>\n","protected":false},"author":1,"featured_media":0,"parent":0,"menu_order":0,"comment_status":"closed","ping_status":"open","template":"","meta":{"footnotes":""},"class_list":["post-122","page","type-page","status-publish","hentry"],"_links":{"self":[{"href":"https:\/\/www.brassaventure.fr\/index.php?rest_route=\/wp\/v2\/pages\/122","targetHints":{"allow":["GET"]}}],"collection":[{"href":"https:\/\/www.brassaventure.fr\/index.php?rest_route=\/wp\/v2\/pages"}],"about":[{"href":"https:\/\/www.brassaventure.fr\/index.php?rest_route=\/wp\/v2\/types\/page"}],"author":[{"embeddable":true,"href":"https:\/\/www.brassaventure.fr\/index.php?rest_route=\/wp\/v2\/users\/1"}],"replies":[{"embeddable":true,"href":"https:\/\/www.brassaventure.fr\/index.php?rest_route=%2Fwp%2Fv2%2Fcomments&post=122"}],"version-history":[{"count":34,"href":"https:\/\/www.brassaventure.fr\/index.php?rest_route=\/wp\/v2\/pages\/122\/revisions"}],"predecessor-version":[{"id":581,"href":"https:\/\/www.brassaventure.fr\/index.php?rest_route=\/wp\/v2\/pages\/122\/revisions\/581"}],"wp:attachment":[{"href":"https:\/\/www.brassaventure.fr\/index.php?rest_route=%2Fwp%2Fv2%2Fmedia&parent=122"}],"curies":[{"name":"wp","href":"https:\/\/api.w.org\/{rel}","templated":true}]}}