{"id":144,"date":"2013-08-25T09:47:07","date_gmt":"2013-08-25T08:47:07","guid":{"rendered":"http:\/\/www.brassaventure.fr\/wp\/?page_id=144"},"modified":"2019-12-23T15:44:12","modified_gmt":"2019-12-23T14:44:12","slug":"agenda","status":"publish","type":"page","link":"https:\/\/www.brassaventure.fr\/?page_id=144","title":{"rendered":"Actualit\u00e9"},"content":{"rendered":"<p>Retrouvez sur cette page l&rsquo;actualit\u00e9 de Brassaventure<\/p>\n<ul>\n<li>10\/10\/2020 <a href=\"http:\/\/www.brassaventure.fr\/?p=742\">EIME et Brassaventure<\/a> en concert \u00e0 Meyzieu<\/li>\n<\/ul>\n<p><a href=\"http:\/\/www.brassaventure.fr\/wp-content\/uploads\/2019\/12\/brass-cmjn-1.png\"><img loading=\"lazy\" decoding=\"async\" class=\"aligncenter size-thumbnail wp-image-745\" src=\"http:\/\/www.brassaventure.fr\/wp-content\/uploads\/2019\/12\/brass-cmjn-1-150x150.png\" alt=\"\" width=\"150\" height=\"150\" \/><\/a><\/p>\n<ul>\n<li>31\/03\/2019 <a href=\"http:\/\/www.brassaventure.fr\/?p=722\">Retour de l&rsquo;aventure avec l&rsquo;OHTT<\/a> (Orchestre d&rsquo;Harmonie de Tournon-Tain)<\/li>\n<\/ul>\n<p><a href=\"http:\/\/www.brassaventure.fr\/wp-content\/uploads\/2019\/02\/affiche-31-03-2019.png\"><img loading=\"lazy\" decoding=\"async\" class=\"aligncenter size-thumbnail wp-image-728\" src=\"http:\/\/www.brassaventure.fr\/wp-content\/uploads\/2019\/02\/affiche-31-03-2019-150x150.png\" alt=\"\" width=\"150\" height=\"150\" \/><\/a><\/p>\n<ul>\n<li>26\/10\/2018\u00a0 <a href=\"http:\/\/www.brassaventure.fr\/?p=709\">Festival Musicaluire 2\u00e8me Edition<\/a> Caluire et Cuire<\/li>\n<\/ul>\n<p><a href=\"http:\/\/www.brassaventure.fr\/wp-content\/uploads\/2018\/10\/Musicaluire2018.png\"><img loading=\"lazy\" decoding=\"async\" class=\"aligncenter size-thumbnail wp-image-712\" src=\"http:\/\/www.brassaventure.fr\/wp-content\/uploads\/2018\/10\/Musicaluire2018-150x150.png\" alt=\"\" width=\"150\" height=\"150\" \/><\/a><\/p>\n<ul>\n<li>21\/04\/2018\u00a0\u00a0Concert <a href=\"http:\/\/www.brassaventure.fr\/?p=588\">90 ans Echo de la Vall\u00e9e du Morgon<\/a> Lacenas (69)<a href=\"http:\/\/www.brassaventure.fr\/wp-content\/uploads\/2018\/04\/affiches-mail.jpg\"><img loading=\"lazy\" decoding=\"async\" class=\"aligncenter size-medium wp-image-569\" src=\"http:\/\/www.brassaventure.fr\/wp-content\/uploads\/2018\/04\/affiches-mail-212x300.jpg\" alt=\"\" width=\"212\" height=\"300\" srcset=\"https:\/\/www.brassaventure.fr\/wp-content\/uploads\/2018\/04\/affiches-mail-212x300.jpg 212w, https:\/\/www.brassaventure.fr\/wp-content\/uploads\/2018\/04\/affiches-mail-768x1086.jpg 768w, https:\/\/www.brassaventure.fr\/wp-content\/uploads\/2018\/04\/affiches-mail-724x1024.jpg 724w\" sizes=\"auto, (max-width: 212px) 100vw, 212px\" \/><\/a><\/li>\n<\/ul>\n<ul>\n<li>29\/04\/2018\u00a0 <a href=\"http:\/\/www.brassaventure.fr\/?p=616\">Concert de Printemps avec la Batterie Fanfare la Fraternelle<\/a>\u00a0| Saint Georges d&rsquo;Esp\u00e9ranche (38)<a href=\"http:\/\/www.brassaventure.fr\/wp-content\/uploads\/2018\/04\/La-Frat-et-Brassaventure.jpg\"><img loading=\"lazy\" decoding=\"async\" class=\"aligncenter wp-image-620 size-medium\" src=\"http:\/\/www.brassaventure.fr\/wp-content\/uploads\/2018\/04\/La-Frat-et-Brassaventure-212x300.jpg\" alt=\"\" width=\"212\" height=\"300\" srcset=\"https:\/\/www.brassaventure.fr\/wp-content\/uploads\/2018\/04\/La-Frat-et-Brassaventure-212x300.jpg 212w, https:\/\/www.brassaventure.fr\/wp-content\/uploads\/2018\/04\/La-Frat-et-Brassaventure-768x1086.jpg 768w, https:\/\/www.brassaventure.fr\/wp-content\/uploads\/2018\/04\/La-Frat-et-Brassaventure-724x1024.jpg 724w, https:\/\/www.brassaventure.fr\/wp-content\/uploads\/2018\/04\/La-Frat-et-Brassaventure.jpg 1425w\" sizes=\"auto, (max-width: 212px) 100vw, 212px\" \/><\/a>\n<ul>\n<li>28\/06\/2018 <a href=\"http:\/\/www.brassaventure.fr\/?p=629\">Festival de Brass Band de G\u00f6d\u00f6llo<\/a> | Hongrie<a href=\"http:\/\/www.brassaventure.fr\/wp-content\/uploads\/2018\/04\/brass_2018_salle12.jpg\"><img loading=\"lazy\" decoding=\"async\" class=\"aligncenter wp-image-571 size-medium\" src=\"http:\/\/www.brassaventure.fr\/wp-content\/uploads\/2018\/04\/brass_2018_salle12-300x188.jpg\" alt=\"\" width=\"300\" height=\"188\" srcset=\"https:\/\/www.brassaventure.fr\/wp-content\/uploads\/2018\/04\/brass_2018_salle12-300x188.jpg 300w, https:\/\/www.brassaventure.fr\/wp-content\/uploads\/2018\/04\/brass_2018_salle12-768x482.jpg 768w, https:\/\/www.brassaventure.fr\/wp-content\/uploads\/2018\/04\/brass_2018_salle12-480x300.jpg 480w, https:\/\/www.brassaventure.fr\/wp-content\/uploads\/2018\/04\/brass_2018_salle12-640x400.jpg 640w, https:\/\/www.brassaventure.fr\/wp-content\/uploads\/2018\/04\/brass_2018_salle12.jpg 921w\" sizes=\"auto, (max-width: 300px) 100vw, 300px\" \/><\/a><\/li>\n<li>25\/03\/2018 <a href=\"http:\/\/www.brassaventure.fr\/?p=623\">Concert de printemps de la Candell Harmonie<\/a> | Lyon 8\u00e8me<a href=\"http:\/\/www.brassaventure.fr\/wp-content\/uploads\/2018\/04\/concert-candell-harmonie-et-Brassaventure-1.jpg\"><img loading=\"lazy\" decoding=\"async\" class=\"aligncenter wp-image-627 size-medium\" src=\"http:\/\/www.brassaventure.fr\/wp-content\/uploads\/2018\/04\/concert-candell-harmonie-et-Brassaventure-1-225x300.jpg\" alt=\"\" width=\"225\" height=\"300\" srcset=\"https:\/\/www.brassaventure.fr\/wp-content\/uploads\/2018\/04\/concert-candell-harmonie-et-Brassaventure-1-225x300.jpg 225w, https:\/\/www.brassaventure.fr\/wp-content\/uploads\/2018\/04\/concert-candell-harmonie-et-Brassaventure-1.jpg 720w\" sizes=\"auto, (max-width: 225px) 100vw, 225px\" \/><\/a><\/li>\n<li>13\/03\/2018 <a href=\"http:\/\/www.brassaventure.fr\/?p=601\">Animation Carnaval de Montchat<\/a> | Lyon 3\u00e8me<br \/><a href=\"http:\/\/www.brassaventure.fr\/wp-content\/uploads\/2018\/04\/carnaval-montchat-130318-pres.jpg\"><img loading=\"lazy\" decoding=\"async\" class=\"aligncenter wp-image-604 size-medium\" src=\"http:\/\/www.brassaventure.fr\/wp-content\/uploads\/2018\/04\/carnaval-montchat-130318-pres-300x169.jpg\" alt=\"\" width=\"300\" height=\"169\" srcset=\"https:\/\/www.brassaventure.fr\/wp-content\/uploads\/2018\/04\/carnaval-montchat-130318-pres-300x169.jpg 300w, https:\/\/www.brassaventure.fr\/wp-content\/uploads\/2018\/04\/carnaval-montchat-130318-pres-768x432.jpg 768w, https:\/\/www.brassaventure.fr\/wp-content\/uploads\/2018\/04\/carnaval-montchat-130318-pres.jpg 960w\" sizes=\"auto, (max-width: 300px) 100vw, 300px\" \/><\/a>\n<p>\u00a0<\/p>\n<ul>\n<li>10\/06\/2017\u00a0\u00a0Concert <a href=\"http:\/\/www.brassaventure.fr\/?p=547\">Les musicales sur Rh\u00f4ne<\/a> Laveyron (26)<a href=\"http:\/\/www.brassaventure.fr\/wp-content\/uploads\/2017\/05\/affiche-laveyron.jpg\"><img loading=\"lazy\" decoding=\"async\" class=\"aligncenter size-medium wp-image-548\" src=\"http:\/\/www.brassaventure.fr\/wp-content\/uploads\/2017\/05\/affiche-laveyron-212x300.jpg\" alt=\"\" width=\"212\" height=\"300\" srcset=\"https:\/\/www.brassaventure.fr\/wp-content\/uploads\/2017\/05\/affiche-laveyron-212x300.jpg 212w, https:\/\/www.brassaventure.fr\/wp-content\/uploads\/2017\/05\/affiche-laveyron.jpg 659w\" sizes=\"auto, (max-width: 212px) 100vw, 212px\" \/><\/a><\/li>\n<\/ul>\n<\/li>\n<\/ul>\n<\/li>\n<\/ul>\n<ul>\n<li style=\"list-style-type: none;\">\u00a0<\/li>\n<\/ul>\n<ul>\n<li style=\"list-style-type: none;\">\n<ul>\n<li style=\"list-style-type: none;\">\n<ul>\n<li>05\/03\/2016\u00a0\u00a0Concert <a href=\"http:\/\/www.brassaventure.fr\/?p=504\">Cuivres\u00a0et Philharmonie\u00a0<\/a>Belleville (69)<br \/><a href=\"http:\/\/www.brassaventure.fr\/wp-content\/uploads\/2016\/02\/Affiche-Belleville2016BD.jpg\" rel=\"attachment wp-att-503\"><img loading=\"lazy\" decoding=\"async\" class=\"aligncenter size-medium wp-image-503\" src=\"http:\/\/www.brassaventure.fr\/wp-content\/uploads\/2016\/02\/Affiche-Belleville2016BD-212x300.jpg\" alt=\"Affiche-Belleville2016BD\" width=\"212\" height=\"300\" srcset=\"https:\/\/www.brassaventure.fr\/wp-content\/uploads\/2016\/02\/Affiche-Belleville2016BD-212x300.jpg 212w, https:\/\/www.brassaventure.fr\/wp-content\/uploads\/2016\/02\/Affiche-Belleville2016BD.jpg 400w\" sizes=\"auto, (max-width: 212px) 100vw, 212px\" \/><\/a><\/li>\n<\/ul>\n<\/li>\n<\/ul>\n<\/li>\n<\/ul>\n<ul>\n<li style=\"list-style-type: none;\">\n<ul>\n<li style=\"list-style-type: none;\">\n<ul>\n<li>19\/12\/2015 <a title=\"Concert de No\u00ebl avec le Brass band du Grand Chalon \/ 19 d\u00e9cembre\" href=\"http:\/\/www.brassaventure.fr\/?p=488\">Concert de No\u00ebl avec le brass band du Grand Chalon<\/a> Chalon-sur-Sa\u00f4ne (71)<\/li>\n<\/ul>\n<\/li>\n<\/ul>\n<\/li>\n<\/ul>\n<ul>\n<li style=\"list-style-type: none;\">\n<ul>\n<li style=\"list-style-type: none;\">\n<ul>\n<li>28\/03\/2015 <a title=\"Brassaventure en concert avec l\u2019Orchestre d\u2019Harmonie de Tain-Tournon \/ 28 mars\" href=\"http:\/\/www.brassaventure.fr\/?p=445\">Rencontres Musicales de Printemps<\/a> Tain l&rsquo;Hermitage (26)<\/li>\n<\/ul>\n<\/li>\n<\/ul>\n<\/li>\n<\/ul>\n<ul>\n<li style=\"list-style-type: none;\">\n<ul>\n<li style=\"list-style-type: none;\">\n<ul>\n<li>06\/12\/2014 Concert <a href=\"http:\/\/www.brassaventure.fr\/?p=431%20\" target=\"_blank\" rel=\"noopener noreferrer\">Cuivres Sons d&rsquo;Hiver<\/a> Palais Saint-Jean \u00e0 Lyon<br \/><a href=\"http:\/\/www.brassaventure.fr\/wp-content\/uploads\/2014\/11\/22-11-2014-09-55-54.png\"><img loading=\"lazy\" decoding=\"async\" class=\"aligncenter size-medium wp-image-433\" src=\"http:\/\/www.brassaventure.fr\/wp-content\/uploads\/2014\/11\/22-11-2014-09-55-54-300x201.png\" alt=\"22-11-2014 09-55-54\" width=\"300\" height=\"201\" srcset=\"https:\/\/www.brassaventure.fr\/wp-content\/uploads\/2014\/11\/22-11-2014-09-55-54-300x201.png 300w, https:\/\/www.brassaventure.fr\/wp-content\/uploads\/2014\/11\/22-11-2014-09-55-54.png 774w\" sizes=\"auto, (max-width: 300px) 100vw, 300px\" \/><\/a><\/li>\n<li>15\/06\/2014 <a title=\"Concert-Rencontre avec le Brass Band du Rh\u00f4ne \/ Dimanche 15 juin 2014\" href=\"http:\/\/www.brassaventure.fr\/?p=395\">Concert-rencontre avec le Brass Band du Rh\u00f4ne<\/a> \u00e0 Lyon<\/li>\n<\/ul>\n<\/li>\n<\/ul>\n<\/li>\n<\/ul>\n<p>\u00a0<\/p>\n<center><br \/><a href=\"http:\/\/www.brassaventure.fr\/wp-content\/uploads\/2014\/06\/affiche-15-06-2014.jpg\"><img loading=\"lazy\" decoding=\"async\" class=\"size-medium wp-image-396\" src=\"http:\/\/www.brassaventure.fr\/wp-content\/uploads\/2014\/06\/affiche-15-06-2014-193x300.jpg\" alt=\"affiche 15 06 2014\" width=\"193\" height=\"300\" srcset=\"https:\/\/www.brassaventure.fr\/wp-content\/uploads\/2014\/06\/affiche-15-06-2014-193x300.jpg 193w, https:\/\/www.brassaventure.fr\/wp-content\/uploads\/2014\/06\/affiche-15-06-2014-661x1024.jpg 661w\" sizes=\"auto, (max-width: 193px) 100vw, 193px\" \/><\/a><a href=\"http:\/\/www.brassaventure.fr\/wp-content\/uploads\/2014\/06\/affiche-15-06-2014-reverso.jpg\"><img loading=\"lazy\" decoding=\"async\" class=\"size-medium wp-image-400\" src=\"http:\/\/www.brassaventure.fr\/wp-content\/uploads\/2014\/06\/affiche-15-06-2014-reverso-193x300.jpg\" alt=\"affiche 15 06 2014 reverso\" width=\"193\" height=\"300\" srcset=\"https:\/\/www.brassaventure.fr\/wp-content\/uploads\/2014\/06\/affiche-15-06-2014-reverso-193x300.jpg 193w, https:\/\/www.brassaventure.fr\/wp-content\/uploads\/2014\/06\/affiche-15-06-2014-reverso-660x1024.jpg 660w\" sizes=\"auto, (max-width: 193px) 100vw, 193px\" \/><\/a><\/center>\n<p>\u00a0<\/p>\n<ul>\n<li style=\"list-style-type: none;\">\n<ul>\n<li style=\"list-style-type: none;\">\n<ul>\n<li>23\/03\/2014 <a title=\"Brassaventure en concert avec Eric Plant\u00e9 \/ le 23 mars \u00e0 Beaurepaire (38)\" href=\"http:\/\/www.brassaventure.fr\/?p=377\">Concert \u00e0 Beaurepaire <\/a>dans le cadre du Festival des Bourgeons avec Eric Plant\u00e9 (soliste des Orchestres de la Garde R\u00e9publicaine)<\/li>\n<\/ul>\n<\/li>\n<\/ul>\n<\/li>\n<\/ul>\n<p><a href=\"http:\/\/www.brassaventure.fr\/wp-content\/uploads\/2014\/03\/08-03-2014-19-29-09.png\"><img loading=\"lazy\" decoding=\"async\" class=\"aligncenter size-medium wp-image-379\" src=\"http:\/\/www.brassaventure.fr\/wp-content\/uploads\/2014\/03\/08-03-2014-19-29-09-211x300.png\" alt=\"08-03-2014 19-29-09\" width=\"211\" height=\"300\" srcset=\"https:\/\/www.brassaventure.fr\/wp-content\/uploads\/2014\/03\/08-03-2014-19-29-09-211x300.png 211w, https:\/\/www.brassaventure.fr\/wp-content\/uploads\/2014\/03\/08-03-2014-19-29-09.png 446w\" sizes=\"auto, (max-width: 211px) 100vw, 211px\" \/><\/a><\/p>\n<ul>\n<li style=\"list-style-type: none;\">\n<ul>\n<li style=\"list-style-type: none;\">\n<ul>\n<li>08\/02\/2014\u00a0<a title=\"Brassaventure en concert \u00e0 La C\u00f4te Saint Andr\u00e9\" href=\"http:\/\/www.brassaventure.fr\/?p=352\">Concert \u00e0 la C\u00f4te Saint-Andr\u00e9 (38) <\/a>pour les 150 ans de <a href=\"http:\/\/societe-philharmonique.fr\" target=\"ailleurs\" rel=\"noopener noreferrer\">la Soci\u00e9t\u00e9 Philharmonique<\/a><a title=\"Brassaventure en concert \u00e0 la C\u00f4te Saint-Andr\u00e9\" href=\"http:\/\/www.brassaventure.fr\/?p=335\"><br \/><\/a><a href=\"http:\/\/www.brassaventure.fr\/wp-content\/uploads\/2014\/01\/la-CSA-08-02-2014.png\"><img loading=\"lazy\" decoding=\"async\" class=\"size-medium wp-image-358 aligncenter\" src=\"http:\/\/www.brassaventure.fr\/wp-content\/uploads\/2014\/01\/la-CSA-08-02-2014-211x300.png\" alt=\"concert la C\u00f4te Saint-Andr\u00e9\" width=\"211\" height=\"300\" srcset=\"https:\/\/www.brassaventure.fr\/wp-content\/uploads\/2014\/01\/la-CSA-08-02-2014-211x300.png 211w, https:\/\/www.brassaventure.fr\/wp-content\/uploads\/2014\/01\/la-CSA-08-02-2014.png 453w\" sizes=\"auto, (max-width: 211px) 100vw, 211px\" \/><\/a><\/li>\n<li>\u00a007\/12\/2013 <a title=\"Brassaventure en concert avec l\u2019Harmonie de Pierre-B\u00e9nite\" href=\"http:\/\/www.brassaventure.fr\/?p=335\">Concert avec l&rsquo;harmonie Abeille \/ Pierre-B\u00e9nite (69)<\/a><\/li>\n<\/ul>\n<\/li>\n<\/ul>\n<\/li>\n<\/ul>\n<p><a href=\"http:\/\/www.brassaventure.fr\/wp-content\/uploads\/2013\/11\/7dec13_p_be.jpg\"><img loading=\"lazy\" decoding=\"async\" class=\"size-medium wp-image-336 aligncenter\" src=\"http:\/\/www.brassaventure.fr\/wp-content\/uploads\/2013\/11\/7dec13_p_be-211x300.jpg\" alt=\"7dec13_p_be\" width=\"211\" height=\"300\" srcset=\"https:\/\/www.brassaventure.fr\/wp-content\/uploads\/2013\/11\/7dec13_p_be-211x300.jpg 211w, https:\/\/www.brassaventure.fr\/wp-content\/uploads\/2013\/11\/7dec13_p_be.jpg 678w\" sizes=\"auto, (max-width: 211px) 100vw, 211px\" \/><\/a><\/p>\n<ul>\n<li style=\"list-style-type: none;\">\n<ul>\n<li style=\"list-style-type: none;\">\n<ul>\n<li>02\/06\/2013 So Gospel, festival Eolia, Saint-Didier de Formans (01)<\/li>\n<\/ul>\n<\/li>\n<\/ul>\n<\/li>\n<\/ul>\n<p><a href=\"http:\/\/www.brassaventure.fr\/wp-content\/uploads\/2013\/08\/so-gospel-Brassaventure-et-choeurs.jpg\"><img loading=\"lazy\" decoding=\"async\" class=\"size-medium wp-image-219 aligncenter\" src=\"http:\/\/www.brassaventure.fr\/wp-content\/uploads\/2013\/08\/so-gospel-Brassaventure-et-choeurs-212x300.jpg\" alt=\"so gospel Brassaventure et choeurs\" width=\"212\" height=\"300\" srcset=\"https:\/\/www.brassaventure.fr\/wp-content\/uploads\/2013\/08\/so-gospel-Brassaventure-et-choeurs-212x300.jpg 212w, https:\/\/www.brassaventure.fr\/wp-content\/uploads\/2013\/08\/so-gospel-Brassaventure-et-choeurs-723x1024.jpg 723w, https:\/\/www.brassaventure.fr\/wp-content\/uploads\/2013\/08\/so-gospel-Brassaventure-et-choeurs.jpg 1240w\" sizes=\"auto, (max-width: 212px) 100vw, 212px\" \/><\/a><\/p>\n<ul>\n<li style=\"list-style-type: none;\">\n<ul>\n<li style=\"list-style-type: none;\">\n<ul>\n<li>18\/05\/2013 Harmonie la Gerbe d&rsquo;Or, 120\u00e8me anniversaire, Les c\u00f4tes d&rsquo;arey (38)<\/li>\n<\/ul>\n<\/li>\n<\/ul>\n<\/li>\n<\/ul>\n<p><a href=\"http:\/\/www.brassaventure.fr\/wp-content\/uploads\/2013\/08\/120ans-LGO.jpg\"><img loading=\"lazy\" decoding=\"async\" class=\"size-medium wp-image-220 aligncenter\" src=\"http:\/\/www.brassaventure.fr\/wp-content\/uploads\/2013\/08\/120ans-LGO-205x300.jpg\" alt=\"120ans LGO\" width=\"205\" height=\"300\" srcset=\"https:\/\/www.brassaventure.fr\/wp-content\/uploads\/2013\/08\/120ans-LGO-205x300.jpg 205w, https:\/\/www.brassaventure.fr\/wp-content\/uploads\/2013\/08\/120ans-LGO.jpg 659w\" sizes=\"auto, (max-width: 205px) 100vw, 205px\" \/><\/a><\/p>\n<ul>\n<li style=\"list-style-type: none;\">\n<ul>\n<li style=\"list-style-type: none;\">\n<ul>\n<li>13\/04\/2013 Concert de printemps avec Tub&rsquo;\u00e0 l&rsquo;image, Meyzieu (69)<\/li>\n<\/ul>\n<\/li>\n<\/ul>\n<\/li>\n<\/ul>\n<p><a href=\"http:\/\/www.brassaventure.fr\/wp-content\/uploads\/2013\/08\/Affiche-Brass-13-04-2013-v7.jpg\"><img loading=\"lazy\" decoding=\"async\" class=\"size-medium wp-image-221 aligncenter\" src=\"http:\/\/www.brassaventure.fr\/wp-content\/uploads\/2013\/08\/Affiche-Brass-13-04-2013-v7-212x300.jpg\" alt=\"Affiche Brass 13 04 2013 v7\" width=\"212\" height=\"300\" srcset=\"https:\/\/www.brassaventure.fr\/wp-content\/uploads\/2013\/08\/Affiche-Brass-13-04-2013-v7-212x300.jpg 212w, https:\/\/www.brassaventure.fr\/wp-content\/uploads\/2013\/08\/Affiche-Brass-13-04-2013-v7-723x1024.jpg 723w\" sizes=\"auto, (max-width: 212px) 100vw, 212px\" \/><\/a><\/p>\n<ul>\n<li style=\"list-style-type: none;\">\n<ul>\n<li style=\"list-style-type: none;\">\n<ul>\n<li>03\/02\/2013 Championnat National de Brass Band, Auditorium Maurice Ravel, Lyon (69)<\/li>\n<\/ul>\n<\/li>\n<\/ul>\n<\/li>\n<\/ul>\n<p><a href=\"http:\/\/www.brassaventure.fr\/wp-content\/uploads\/2013\/08\/Championnat-Brass-03-02-2013.jpg\"><img loading=\"lazy\" decoding=\"async\" class=\"size-medium wp-image-222 aligncenter\" src=\"http:\/\/www.brassaventure.fr\/wp-content\/uploads\/2013\/08\/Championnat-Brass-03-02-2013-212x300.jpg\" alt=\"Championnat Brass 03 02 2013\" width=\"212\" height=\"300\" srcset=\"https:\/\/www.brassaventure.fr\/wp-content\/uploads\/2013\/08\/Championnat-Brass-03-02-2013-212x300.jpg 212w, https:\/\/www.brassaventure.fr\/wp-content\/uploads\/2013\/08\/Championnat-Brass-03-02-2013.jpg 600w\" sizes=\"auto, (max-width: 212px) 100vw, 212px\" \/><\/a><\/p>\n<ul>\n<li style=\"list-style-type: none;\">\n<ul>\n<li style=\"list-style-type: none;\">\n<ul>\n<li>27\/01\/2013 Rencontres musicales du Rh\u00f4ne, Espace Jean Couty, Lyon (69)<\/li>\n<\/ul>\n<\/li>\n<\/ul>\n<\/li>\n<\/ul>\n<p><a href=\"http:\/\/www.brassaventure.fr\/wp-content\/uploads\/2013\/08\/RMR2701V2-600-par-850.jpg\"><img loading=\"lazy\" decoding=\"async\" class=\"size-medium wp-image-233 aligncenter\" src=\"http:\/\/www.brassaventure.fr\/wp-content\/uploads\/2013\/08\/RMR2701V2-600-par-850-212x300.jpg\" alt=\"RMR2701V2 - 600 par 850\" width=\"212\" height=\"300\" srcset=\"https:\/\/www.brassaventure.fr\/wp-content\/uploads\/2013\/08\/RMR2701V2-600-par-850-212x300.jpg 212w, https:\/\/www.brassaventure.fr\/wp-content\/uploads\/2013\/08\/RMR2701V2-600-par-850.jpg 600w\" sizes=\"auto, (max-width: 212px) 100vw, 212px\" \/><\/a><\/p>\n<ul>\n<li style=\"list-style-type: none;\">\n<ul>\n<li style=\"list-style-type: none;\">\n<ul>\n<li>23\/06\/2012 Festival Brass Bands en f\u00eate, Le Versoud (38)<\/li>\n<\/ul>\n<\/li>\n<\/ul>\n<\/li>\n<\/ul>\n<p><a href=\"http:\/\/www.brassaventure.fr\/wp-content\/uploads\/2013\/08\/2012-06-23-Brassaventure-Aubade-1_1.jpg\"><img loading=\"lazy\" decoding=\"async\" class=\"size-medium wp-image-224 aligncenter\" src=\"http:\/\/www.brassaventure.fr\/wp-content\/uploads\/2013\/08\/2012-06-23-Brassaventure-Aubade-1_1-206x300.jpg\" alt=\"2012-06-23-Brassaventure-Aubade (1)_1\" width=\"206\" height=\"300\" srcset=\"https:\/\/www.brassaventure.fr\/wp-content\/uploads\/2013\/08\/2012-06-23-Brassaventure-Aubade-1_1-206x300.jpg 206w, https:\/\/www.brassaventure.fr\/wp-content\/uploads\/2013\/08\/2012-06-23-Brassaventure-Aubade-1_1.jpg 551w\" sizes=\"auto, (max-width: 206px) 100vw, 206px\" \/><\/a><\/p>\n<ul>\n<li style=\"list-style-type: none;\">\n<ul>\n<li style=\"list-style-type: none;\">\n<ul>\n<li>29\/01\/2012 Concert avec l&rsquo;Harmonie Les Enfants de Bayard, Fort-Barraux (38)<\/li>\n<\/ul>\n<\/li>\n<\/ul>\n<\/li>\n<\/ul>\n<p><a href=\"http:\/\/www.brassaventure.fr\/wp-content\/uploads\/2013\/08\/401010_345541495456835_828250594_n.jpg\"><img loading=\"lazy\" decoding=\"async\" class=\"size-medium wp-image-228 aligncenter\" src=\"http:\/\/www.brassaventure.fr\/wp-content\/uploads\/2013\/08\/401010_345541495456835_828250594_n-212x300.jpg\" alt=\"401010_345541495456835_828250594_n\" width=\"212\" height=\"300\" srcset=\"https:\/\/www.brassaventure.fr\/wp-content\/uploads\/2013\/08\/401010_345541495456835_828250594_n-212x300.jpg 212w, https:\/\/www.brassaventure.fr\/wp-content\/uploads\/2013\/08\/401010_345541495456835_828250594_n.jpg 679w\" sizes=\"auto, (max-width: 212px) 100vw, 212px\" \/><\/a><\/p>\n<ul>\n<li style=\"list-style-type: none;\">\n<ul>\n<li style=\"list-style-type: none;\">\n<ul>\n<li>31\/05\/2011 Concert \u00e0 Limonest (69)<\/li>\n<\/ul>\n<\/li>\n<\/ul>\n<\/li>\n<\/ul>\n<p><a href=\"http:\/\/www.brassaventure.fr\/wp-content\/uploads\/2013\/08\/20110531-001.png\"><img loading=\"lazy\" decoding=\"async\" class=\"size-medium wp-image-241 aligncenter\" src=\"http:\/\/www.brassaventure.fr\/wp-content\/uploads\/2013\/08\/20110531-001-226x300.png\" alt=\"20110531-00\" width=\"226\" height=\"300\" srcset=\"https:\/\/www.brassaventure.fr\/wp-content\/uploads\/2013\/08\/20110531-001-226x300.png 226w, https:\/\/www.brassaventure.fr\/wp-content\/uploads\/2013\/08\/20110531-001.png 480w\" sizes=\"auto, (max-width: 226px) 100vw, 226px\" \/><\/a><\/p>\n<ul>\n<li style=\"list-style-type: none;\">\n<ul>\n<li style=\"list-style-type: none;\">\n<ul>\n<li>28\/11\/2010 Concert avec le Latinus Brass Band, Meyzieu (69)<\/li>\n<\/ul>\n<\/li>\n<\/ul>\n<\/li>\n<\/ul>\n<p><a href=\"http:\/\/www.brassaventure.fr\/wp-content\/uploads\/2013\/08\/concert_28-11-101.jpg\"><img loading=\"lazy\" decoding=\"async\" class=\"size-medium wp-image-237 aligncenter\" src=\"http:\/\/www.brassaventure.fr\/wp-content\/uploads\/2013\/08\/concert_28-11-101-212x300.jpg\" alt=\"concert_28-11-10\" width=\"212\" height=\"300\" srcset=\"https:\/\/www.brassaventure.fr\/wp-content\/uploads\/2013\/08\/concert_28-11-101-212x300.jpg 212w, https:\/\/www.brassaventure.fr\/wp-content\/uploads\/2013\/08\/concert_28-11-101-723x1024.jpg 723w, https:\/\/www.brassaventure.fr\/wp-content\/uploads\/2013\/08\/concert_28-11-101.jpg 1240w\" sizes=\"auto, (max-width: 212px) 100vw, 212px\" \/><\/a><\/p>\n<ul>\n<li style=\"list-style-type: none;\">\n<ul>\n<li style=\"list-style-type: none;\">\n<ul>\n<li>22\/05\/2010 Concert avec l&rsquo;Harmonie D\u00e9cinoise, Meyzieu (69)<\/li>\n<\/ul>\n<\/li>\n<\/ul>\n<\/li>\n<\/ul>\n<p><a href=\"http:\/\/www.brassaventure.fr\/wp-content\/uploads\/2013\/08\/concert-22_05_10.jpg\"><img loading=\"lazy\" decoding=\"async\" class=\"size-medium wp-image-239 aligncenter\" src=\"http:\/\/www.brassaventure.fr\/wp-content\/uploads\/2013\/08\/concert-22_05_10-212x300.jpg\" alt=\"concert 22_05_10\" width=\"212\" height=\"300\" srcset=\"https:\/\/www.brassaventure.fr\/wp-content\/uploads\/2013\/08\/concert-22_05_10-212x300.jpg 212w, https:\/\/www.brassaventure.fr\/wp-content\/uploads\/2013\/08\/concert-22_05_10-725x1024.jpg 725w, https:\/\/www.brassaventure.fr\/wp-content\/uploads\/2013\/08\/concert-22_05_10.jpg 850w\" sizes=\"auto, (max-width: 212px) 100vw, 212px\" \/><\/a><\/p>\n<ul>\n<li style=\"list-style-type: none;\">\n<ul>\n<li style=\"list-style-type: none;\">\n<ul>\n<li>03\/04\/2010 Festival Cuivres en Sc\u00e8ne, Pont-du-Ch\u00e2teau (63)<\/li>\n<\/ul>\n<\/li>\n<\/ul>\n<\/li>\n<\/ul>\n<p><a href=\"http:\/\/www.brassaventure.fr\/wp-content\/uploads\/2013\/08\/ces.png\"><img loading=\"lazy\" decoding=\"async\" class=\"size-full wp-image-240 aligncenter\" src=\"http:\/\/www.brassaventure.fr\/wp-content\/uploads\/2013\/08\/ces.png\" alt=\"ces\" width=\"200\" height=\"200\" srcset=\"https:\/\/www.brassaventure.fr\/wp-content\/uploads\/2013\/08\/ces.png 200w, https:\/\/www.brassaventure.fr\/wp-content\/uploads\/2013\/08\/ces-150x150.png 150w\" sizes=\"auto, (max-width: 200px) 100vw, 200px\" \/><\/a><\/p>\n\n\n<p><\/p>\n","protected":false},"excerpt":{"rendered":"<p>Retrouvez sur cette page l&rsquo;actualit\u00e9 de Brassaventure 10\/10\/2020 EIME et Brassaventure en concert \u00e0 Meyzieu 31\/03\/2019 Retour de l&rsquo;aventure avec l&rsquo;OHTT (Orchestre d&rsquo;Harmonie de Tournon-Tain) 26\/10\/2018\u00a0 Festival Musicaluire 2\u00e8me Edition &#8230;<\/p>\n","protected":false},"author":1,"featured_media":0,"parent":0,"menu_order":0,"comment_status":"closed","ping_status":"open","template":"","meta":{"footnotes":""},"class_list":["post-144","page","type-page","status-publish","hentry"],"_links":{"self":[{"href":"https:\/\/www.brassaventure.fr\/index.php?rest_route=\/wp\/v2\/pages\/144","targetHints":{"allow":["GET"]}}],"collection":[{"href":"https:\/\/www.brassaventure.fr\/index.php?rest_route=\/wp\/v2\/pages"}],"about":[{"href":"https:\/\/www.brassaventure.fr\/index.php?rest_route=\/wp\/v2\/types\/page"}],"author":[{"embeddable":true,"href":"https:\/\/www.brassaventure.fr\/index.php?rest_route=\/wp\/v2\/users\/1"}],"replies":[{"embeddable":true,"href":"https:\/\/www.brassaventure.fr\/index.php?rest_route=%2Fwp%2Fv2%2Fcomments&post=144"}],"version-history":[{"count":57,"href":"https:\/\/www.brassaventure.fr\/index.php?rest_route=\/wp\/v2\/pages\/144\/revisions"}],"predecessor-version":[{"id":750,"href":"https:\/\/www.brassaventure.fr\/index.php?rest_route=\/wp\/v2\/pages\/144\/revisions\/750"}],"wp:attachment":[{"href":"https:\/\/www.brassaventure.fr\/index.php?rest_route=%2Fwp%2Fv2%2Fmedia&parent=144"}],"curies":[{"name":"wp","href":"https:\/\/api.w.org\/{rel}","templated":true}]}}